{"id":846,"date":"2019-10-11T11:19:18","date_gmt":"2019-10-11T16:19:18","guid":{"rendered":"http:\/\/pixel-pro.co\/cofarma\/?page_id=846"},"modified":"2020-09-05T21:04:57","modified_gmt":"2020-09-06T02:04:57","slug":"preguntas-frecuentes","status":"publish","type":"page","link":"https:\/\/desarrollo.cofarma.com\/?page_id=846","title":{"rendered":"Preguntas frecuentes"},"content":{"rendered":"\t\t<div data-elementor-type=\"wp-page\" data-elementor-id=\"846\" class=\"elementor elementor-846\" data-elementor-settings=\"[]\">\n\t\t\t\t\t\t<div class=\"elementor-inner\">\n\t\t\t\t\t\t\t<div class=\"elementor-section-wrap\">\n\t\t\t\t\t\t\t<section class=\"elementor-section elementor-top-section elementor-element elementor-element-5a17efd elementor-section-stretched elementor-section-full_width elementor-section-height-default elementor-section-height-default\" data-id=\"5a17efd\" data-element_type=\"section\" data-settings=\"{&quot;stretch_section&quot;:&quot;section-stretched&quot;,&quot;background_background&quot;:&quot;classic&quot;}\">\n\t\t\t\t\t\t\t<div class=\"elementor-background-overlay\"><\/div>\n\t\t\t\t\t\t\t<div class=\"elementor-container elementor-column-gap-default\">\n\t\t\t\t\t\t\t<div class=\"elementor-row\">\n\t\t\t\t\t<div class=\"elementor-column elementor-col-100 elementor-top-column elementor-element elementor-element-7ec5443\" data-id=\"7ec5443\" data-element_type=\"column\">\n\t\t\t<div class=\"elementor-column-wrap elementor-element-populated\">\n\t\t\t\t\t\t\t<div class=\"elementor-widget-wrap\">\n\t\t\t\t\t\t<div class=\"elementor-element elementor-element-9350b36 elementor-widget elementor-widget-spacer\" data-id=\"9350b36\" data-element_type=\"widget\" data-widget_type=\"spacer.default\">\n\t\t\t\t<div class=\"elementor-widget-container\">\n\t\t\t\t\t<div class=\"elementor-spacer\">\n\t\t\t<div class=\"elementor-spacer-inner\"><\/div>\n\t\t<\/div>\n\t\t\t\t<\/div>\n\t\t\t\t<\/div>\n\t\t\t\t\t\t<\/div>\n\t\t\t\t\t<\/div>\n\t\t<\/div>\n\t\t\t\t\t\t\t\t<\/div>\n\t\t\t\t\t<\/div>\n\t\t<\/section>\n\t\t\t\t<section class=\"elementor-section elementor-top-section elementor-element elementor-element-8bc1172 elementor-section-boxed elementor-section-height-default elementor-section-height-default\" data-id=\"8bc1172\" data-element_type=\"section\">\n\t\t\t\t\t\t<div class=\"elementor-container elementor-column-gap-default\">\n\t\t\t\t\t\t\t<div class=\"elementor-row\">\n\t\t\t\t\t<div class=\"elementor-column elementor-col-100 elementor-top-column elementor-element elementor-element-f53726a\" data-id=\"f53726a\" data-element_type=\"column\">\n\t\t\t<div class=\"elementor-column-wrap elementor-element-populated\">\n\t\t\t\t\t\t\t<div class=\"elementor-widget-wrap\">\n\t\t\t\t\t\t<div class=\"elementor-element elementor-element-9474ffd elementor-widget elementor-widget-spacer\" data-id=\"9474ffd\" data-element_type=\"widget\" data-widget_type=\"spacer.default\">\n\t\t\t\t<div class=\"elementor-widget-container\">\n\t\t\t\t\t<div class=\"elementor-spacer\">\n\t\t\t<div class=\"elementor-spacer-inner\"><\/div>\n\t\t<\/div>\n\t\t\t\t<\/div>\n\t\t\t\t<\/div>\n\t\t\t\t\t\t<\/div>\n\t\t\t\t\t<\/div>\n\t\t<\/div>\n\t\t\t\t\t\t\t\t<\/div>\n\t\t\t\t\t<\/div>\n\t\t<\/section>\n\t\t\t\t<section class=\"elementor-section elementor-top-section elementor-element elementor-element-b7a82f3 elementor-section-boxed elementor-section-height-default elementor-section-height-default\" data-id=\"b7a82f3\" data-element_type=\"section\">\n\t\t\t\t\t\t<div class=\"elementor-container elementor-column-gap-default\">\n\t\t\t\t\t\t\t<div class=\"elementor-row\">\n\t\t\t\t\t<div class=\"elementor-column elementor-col-100 elementor-top-column elementor-element elementor-element-9b469c5\" data-id=\"9b469c5\" data-element_type=\"column\">\n\t\t\t<div class=\"elementor-column-wrap elementor-element-populated\">\n\t\t\t\t\t\t\t<div class=\"elementor-widget-wrap\">\n\t\t\t\t\t\t<div class=\"elementor-element elementor-element-c3ee33d elementor-widget elementor-widget-accordion\" data-id=\"c3ee33d\" data-element_type=\"widget\" data-widget_type=\"accordion.default\">\n\t\t\t\t<div class=\"elementor-widget-container\">\n\t\t\t\t\t<div class=\"elementor-accordion\" role=\"tablist\">\n\t\t\t\t\t\t\t<div class=\"elementor-accordion-item\">\n\t\t\t\t\t<div id=\"elementor-tab-title-2051\" class=\"elementor-tab-title\" data-tab=\"1\" role=\"tab\" aria-controls=\"elementor-tab-content-2051\">\n\t\t\t\t\t\t\t\t\t\t\t\t\t<span class=\"elementor-accordion-icon elementor-accordion-icon-left\" aria-hidden=\"true\">\n\t\t\t\t\t\t\t\t\t\t\t\t\t\t\t<span class=\"elementor-accordion-icon-closed\"><i class=\"fas fa-plus\"><\/i><\/span>\n\t\t\t\t\t\t\t\t<span class=\"elementor-accordion-icon-opened\"><i class=\"fas fa-minus\"><\/i><\/span>\n\t\t\t\t\t\t\t\t\t\t\t\t\t\t<\/span>\n\t\t\t\t\t\t\t\t\t\t\t\t<a class=\"elementor-accordion-title\" href=\"\">\u00bfD\u00d3NDE PUEDO COMPRAR MIS PRODUCTOS COFARMA FAVORITOS?<\/a>\n\t\t\t\t\t<\/div>\n\t\t\t\t\t<div id=\"elementor-tab-content-2051\" class=\"elementor-tab-content elementor-clearfix\" data-tab=\"1\" role=\"tabpanel\" aria-labelledby=\"elementor-tab-title-2051\"><p><span style=\"color: #777777; font-family: Montserrat; font-size: 16px; font-style: normal; font-variant-ligatures: normal; font-variant-caps: normal; font-weight: 400; letter-spacing: normal; orphans: 2; text-align: left; text-indent: 0px; text-transform: none; white-space: normal; widows: 2; word-spacing: 0px; -webkit-text-stroke-width: 0px; background-color: #ffffff; text-decoration-style: initial; text-decoration-color: initial; display: inline !important; float: none;\">Los productos de COFARMA pueden encontrarse en las principales tiendas de Supermercados de Cadena, Farmacias, as\u00ed como en las principales tiendas en l\u00ednea de Colombia.<\/span><\/p><\/div>\n\t\t\t\t<\/div>\n\t\t\t\t\t\t\t<div class=\"elementor-accordion-item\">\n\t\t\t\t\t<div id=\"elementor-tab-title-2052\" class=\"elementor-tab-title\" data-tab=\"2\" role=\"tab\" aria-controls=\"elementor-tab-content-2052\">\n\t\t\t\t\t\t\t\t\t\t\t\t\t<span class=\"elementor-accordion-icon elementor-accordion-icon-left\" aria-hidden=\"true\">\n\t\t\t\t\t\t\t\t\t\t\t\t\t\t\t<span class=\"elementor-accordion-icon-closed\"><i class=\"fas fa-plus\"><\/i><\/span>\n\t\t\t\t\t\t\t\t<span class=\"elementor-accordion-icon-opened\"><i class=\"fas fa-minus\"><\/i><\/span>\n\t\t\t\t\t\t\t\t\t\t\t\t\t\t<\/span>\n\t\t\t\t\t\t\t\t\t\t\t\t<a class=\"elementor-accordion-title\" href=\"\">\u00bfHAY DISPONIBILIDAD DE REPUESTOS PARA MIS PRODUCTOS COFARMA?<\/a>\n\t\t\t\t\t<\/div>\n\t\t\t\t\t<div id=\"elementor-tab-content-2052\" class=\"elementor-tab-content elementor-clearfix\" data-tab=\"2\" role=\"tabpanel\" aria-labelledby=\"elementor-tab-title-2052\">Muchos de los productos de COFARMA cuentan con paquetes de repuesto.<\/div>\n\t\t\t\t<\/div>\n\t\t\t\t\t\t\t<div class=\"elementor-accordion-item\">\n\t\t\t\t\t<div id=\"elementor-tab-title-2053\" class=\"elementor-tab-title\" data-tab=\"3\" role=\"tab\" aria-controls=\"elementor-tab-content-2053\">\n\t\t\t\t\t\t\t\t\t\t\t\t\t<span class=\"elementor-accordion-icon elementor-accordion-icon-left\" aria-hidden=\"true\">\n\t\t\t\t\t\t\t\t\t\t\t\t\t\t\t<span class=\"elementor-accordion-icon-closed\"><i class=\"fas fa-plus\"><\/i><\/span>\n\t\t\t\t\t\t\t\t<span class=\"elementor-accordion-icon-opened\"><i class=\"fas fa-minus\"><\/i><\/span>\n\t\t\t\t\t\t\t\t\t\t\t\t\t\t<\/span>\n\t\t\t\t\t\t\t\t\t\t\t\t<a class=\"elementor-accordion-title\" href=\"\">\u00bfES SEGURO USAR LOS PRODUCTOS COFARMA SOBRE LAS SUPERFICIES DE MI HOGAR?<\/a>\n\t\t\t\t\t<\/div>\n\t\t\t\t\t<div id=\"elementor-tab-content-2053\" class=\"elementor-tab-content elementor-clearfix\" data-tab=\"3\" role=\"tabpanel\" aria-labelledby=\"elementor-tab-title-2053\"><p>Lee siempre el reverso de la etiqueta antes de usar cualquier producto de COFARMA y sigue las instrucciones de uso. Prueba el producto en un \u00e1rea oculta antes de usar. Si hay alguna duda sobre si es adecuado utilizar sobre alguna superficie, consulta las instrucciones del fabricante.<\/p><\/div>\n\t\t\t\t<\/div>\n\t\t\t\t\t\t\t<div class=\"elementor-accordion-item\">\n\t\t\t\t\t<div id=\"elementor-tab-title-2054\" class=\"elementor-tab-title\" data-tab=\"4\" role=\"tab\" aria-controls=\"elementor-tab-content-2054\">\n\t\t\t\t\t\t\t\t\t\t\t\t\t<span class=\"elementor-accordion-icon elementor-accordion-icon-left\" aria-hidden=\"true\">\n\t\t\t\t\t\t\t\t\t\t\t\t\t\t\t<span class=\"elementor-accordion-icon-closed\"><i class=\"fas fa-plus\"><\/i><\/span>\n\t\t\t\t\t\t\t\t<span class=\"elementor-accordion-icon-opened\"><i class=\"fas fa-minus\"><\/i><\/span>\n\t\t\t\t\t\t\t\t\t\t\t\t\t\t<\/span>\n\t\t\t\t\t\t\t\t\t\t\t\t<a class=\"elementor-accordion-title\" href=\"\">ME PREOCUPA LA SOSTENIBILIDAD. \u00bfSON RECICLABLES LOS PRODUCTOS COFARMA?<\/a>\n\t\t\t\t\t<\/div>\n\t\t\t\t\t<div id=\"elementor-tab-content-2054\" class=\"elementor-tab-content elementor-clearfix\" data-tab=\"4\" role=\"tabpanel\" aria-labelledby=\"elementor-tab-title-2054\"><p>Muchos elementos de los productos de COFARMA y sus envases pueden ser reciclados. COFARMA est\u00e1 comprometido a mejorar nuestros productos, alentando las opciones m\u00e1s ecol\u00f3gicas, utilizando menos recursos y reduciendo los residuos. Trabajamos constantemente para generar productos de los que puedas sentirte bien de usar en casa.<\/p><\/div>\n\t\t\t\t<\/div>\n\t\t\t\t\t\t\t<div class=\"elementor-accordion-item\">\n\t\t\t\t\t<div id=\"elementor-tab-title-2055\" class=\"elementor-tab-title\" data-tab=\"5\" role=\"tab\" aria-controls=\"elementor-tab-content-2055\">\n\t\t\t\t\t\t\t\t\t\t\t\t\t<span class=\"elementor-accordion-icon elementor-accordion-icon-left\" aria-hidden=\"true\">\n\t\t\t\t\t\t\t\t\t\t\t\t\t\t\t<span class=\"elementor-accordion-icon-closed\"><i class=\"fas fa-plus\"><\/i><\/span>\n\t\t\t\t\t\t\t\t<span class=\"elementor-accordion-icon-opened\"><i class=\"fas fa-minus\"><\/i><\/span>\n\t\t\t\t\t\t\t\t\t\t\t\t\t\t<\/span>\n\t\t\t\t\t\t\t\t\t\t\t\t<a class=\"elementor-accordion-title\" href=\"\">\u00bfSE PUEDEN REUTILIZAR LAS VARITAS DEL PRODUCTO BONAIRE VARITAS EN OTRO NUEVO?de\u00f3n<\/a>\n\t\t\t\t\t<\/div>\n\t\t\t\t\t<div id=\"elementor-tab-content-2055\" class=\"elementor-tab-content elementor-clearfix\" data-tab=\"5\" role=\"tabpanel\" aria-labelledby=\"elementor-tab-title-2055\"><p>No, dado que las varitas quedan impregnadas y\/o contaminadas con la fragancia del producto anterior, esto ocasiona que el nuevo producto Bonaire Varita no ambiente el hogar o se deteriore el contenido del producto nuevo.<\/p><\/div>\n\t\t\t\t<\/div>\n\t\t\t\t\t\t\t<div class=\"elementor-accordion-item\">\n\t\t\t\t\t<div id=\"elementor-tab-title-2056\" class=\"elementor-tab-title\" data-tab=\"6\" role=\"tab\" aria-controls=\"elementor-tab-content-2056\">\n\t\t\t\t\t\t\t\t\t\t\t\t\t<span class=\"elementor-accordion-icon elementor-accordion-icon-left\" aria-hidden=\"true\">\n\t\t\t\t\t\t\t\t\t\t\t\t\t\t\t<span class=\"elementor-accordion-icon-closed\"><i class=\"fas fa-plus\"><\/i><\/span>\n\t\t\t\t\t\t\t\t<span class=\"elementor-accordion-icon-opened\"><i class=\"fas fa-minus\"><\/i><\/span>\n\t\t\t\t\t\t\t\t\t\t\t\t\t\t<\/span>\n\t\t\t\t\t\t\t\t\t\t\t\t<a class=\"elementor-accordion-title\" href=\"\">\u00bfSE PUEDEN UTILIZAR EL PRODUCTO ANTIBACTERIAL PINOLINA PARA LAVA ROPA?<\/a>\n\t\t\t\t\t<\/div>\n\t\t\t\t\t<div id=\"elementor-tab-content-2056\" class=\"elementor-tab-content elementor-clearfix\" data-tab=\"6\" role=\"tabpanel\" aria-labelledby=\"elementor-tab-title-2056\"><p>No, dado que este producto seg\u00fan sus caracter\u00edsticas no quitar\u00e1 manchas o suciedades en la ropa y simplemente funcionar\u00eda como un aromatizante para la prenda.<\/p><\/div>\n\t\t\t\t<\/div>\n\t\t\t\t\t\t\t<div class=\"elementor-accordion-item\">\n\t\t\t\t\t<div id=\"elementor-tab-title-2057\" class=\"elementor-tab-title\" data-tab=\"7\" role=\"tab\" aria-controls=\"elementor-tab-content-2057\">\n\t\t\t\t\t\t\t\t\t\t\t\t\t<span class=\"elementor-accordion-icon elementor-accordion-icon-left\" aria-hidden=\"true\">\n\t\t\t\t\t\t\t\t\t\t\t\t\t\t\t<span class=\"elementor-accordion-icon-closed\"><i class=\"fas fa-plus\"><\/i><\/span>\n\t\t\t\t\t\t\t\t<span class=\"elementor-accordion-icon-opened\"><i class=\"fas fa-minus\"><\/i><\/span>\n\t\t\t\t\t\t\t\t\t\t\t\t\t\t<\/span>\n\t\t\t\t\t\t\t\t\t\t\t\t<a class=\"elementor-accordion-title\" href=\"\">\u00bfSE PUEDE UTILIZAR EL PRODUCTO RAYOL VOLADORES PARA MATAR INSECTOS RASTREROS? O VICEVERSA, \u00bfSE PUEDE UTILIZAR EL RAYOL RASTRERO PARA MATAR INSECTOS VOLADORES?<\/a>\n\t\t\t\t\t<\/div>\n\t\t\t\t\t<div id=\"elementor-tab-content-2057\" class=\"elementor-tab-content elementor-clearfix\" data-tab=\"7\" role=\"tabpanel\" aria-labelledby=\"elementor-tab-title-2057\"><p>No, debido a la diferencia que existe en la concentraci\u00f3n de sus componentes activos, los cuales los hacen menos efectivos al momento de utilizarlo en insectos diferentes a los declarado en su informaci\u00f3n. Sin embargo, Laboratorios Cofarma S.A., ofrece el producto Rayol Matatodo para todo tipo de insecto.<\/p><\/div>\n\t\t\t\t<\/div>\n\t\t\t\t\t\t\t<div class=\"elementor-accordion-item\">\n\t\t\t\t\t<div id=\"elementor-tab-title-2058\" class=\"elementor-tab-title\" data-tab=\"8\" role=\"tab\" aria-controls=\"elementor-tab-content-2058\">\n\t\t\t\t\t\t\t\t\t\t\t\t\t<span class=\"elementor-accordion-icon elementor-accordion-icon-left\" aria-hidden=\"true\">\n\t\t\t\t\t\t\t\t\t\t\t\t\t\t\t<span class=\"elementor-accordion-icon-closed\"><i class=\"fas fa-plus\"><\/i><\/span>\n\t\t\t\t\t\t\t\t<span class=\"elementor-accordion-icon-opened\"><i class=\"fas fa-minus\"><\/i><\/span>\n\t\t\t\t\t\t\t\t\t\t\t\t\t\t<\/span>\n\t\t\t\t\t\t\t\t\t\t\t\t<a class=\"elementor-accordion-title\" href=\"\">\u00bfEL RAYOL PULGAS Y GARRAPATAS LO PUEDO APLICAR DIRECTAMENTE A LA MASCOTA?<\/a>\n\t\t\t\t\t<\/div>\n\t\t\t\t\t<div id=\"elementor-tab-content-2058\" class=\"elementor-tab-content elementor-clearfix\" data-tab=\"8\" role=\"tabpanel\" aria-labelledby=\"elementor-tab-title-2058\"><p>No, debido a que puede ocasionar alergias a la mascota. Se recomienda no aplicarlo en colchones o colchonetas, de igual forma puede ocasionar alergias al momento de acostarse en ellas.<\/p><\/div>\n\t\t\t\t<\/div>\n\t\t\t\t\t\t\t<div class=\"elementor-accordion-item\">\n\t\t\t\t\t<div id=\"elementor-tab-title-2059\" class=\"elementor-tab-title\" data-tab=\"9\" role=\"tab\" aria-controls=\"elementor-tab-content-2059\">\n\t\t\t\t\t\t\t\t\t\t\t\t\t<span class=\"elementor-accordion-icon elementor-accordion-icon-left\" aria-hidden=\"true\">\n\t\t\t\t\t\t\t\t\t\t\t\t\t\t\t<span class=\"elementor-accordion-icon-closed\"><i class=\"fas fa-plus\"><\/i><\/span>\n\t\t\t\t\t\t\t\t<span class=\"elementor-accordion-icon-opened\"><i class=\"fas fa-minus\"><\/i><\/span>\n\t\t\t\t\t\t\t\t\t\t\t\t\t\t<\/span>\n\t\t\t\t\t\t\t\t\t\t\t\t<a class=\"elementor-accordion-title\" href=\"\">\u00bfQU\u00c9 HAGO CON LOS ENVASES DEL PRODUCTO RAYOL UNA VEZ LOS UTILICE COMPLETAMENTE?<\/a>\n\t\t\t\t\t<\/div>\n\t\t\t\t\t<div id=\"elementor-tab-content-2059\" class=\"elementor-tab-content elementor-clearfix\" data-tab=\"9\" role=\"tabpanel\" aria-labelledby=\"elementor-tab-title-2059\"><p>Se recomienda no arrojarlos a la basura para evitar deterioro al medio ambiente, en lo posible ac\u00e9rquese a los puntos de venta que cuenten con los envases de recolecci\u00f3n de plaguicidas marcados con la etiqueta \u201ccierre el ciclo\u201d del programa de Programa Posconsumo de Plaguicidas Dom\u00e9sticos y depos\u00edtelos.<\/p><\/div>\n\t\t\t\t<\/div>\n\t\t\t\t\t\t\t<div class=\"elementor-accordion-item\">\n\t\t\t\t\t<div id=\"elementor-tab-title-20510\" class=\"elementor-tab-title\" data-tab=\"10\" role=\"tab\" aria-controls=\"elementor-tab-content-20510\">\n\t\t\t\t\t\t\t\t\t\t\t\t\t<span class=\"elementor-accordion-icon elementor-accordion-icon-left\" aria-hidden=\"true\">\n\t\t\t\t\t\t\t\t\t\t\t\t\t\t\t<span class=\"elementor-accordion-icon-closed\"><i class=\"fas fa-plus\"><\/i><\/span>\n\t\t\t\t\t\t\t\t<span class=\"elementor-accordion-icon-opened\"><i class=\"fas fa-minus\"><\/i><\/span>\n\t\t\t\t\t\t\t\t\t\t\t\t\t\t<\/span>\n\t\t\t\t\t\t\t\t\t\t\t\t<a class=\"elementor-accordion-title\" href=\"\">\u00bfSE PUEDE UTILIZAR EL PRODUCTO LIMPIA VIDRIOS ALASKA EN SUPERFICIES DE APARATOS ELECTR\u00d3NICOS COMO TELEVISORES O COMPUTADORAS?<\/a>\n\t\t\t\t\t<\/div>\n\t\t\t\t\t<div id=\"elementor-tab-content-20510\" class=\"elementor-tab-content elementor-clearfix\" data-tab=\"10\" role=\"tabpanel\" aria-labelledby=\"elementor-tab-title-20510\"><p>No, debido al material de fabricaci\u00f3n de estos aparatos, el producto podr\u00eda da\u00f1ar los equipos.<\/p><\/div>\n\t\t\t\t<\/div>\n\t\t\t\t\t\t\t<div class=\"elementor-accordion-item\">\n\t\t\t\t\t<div id=\"elementor-tab-title-20511\" class=\"elementor-tab-title\" data-tab=\"11\" role=\"tab\" aria-controls=\"elementor-tab-content-20511\">\n\t\t\t\t\t\t\t\t\t\t\t\t\t<span class=\"elementor-accordion-icon elementor-accordion-icon-left\" aria-hidden=\"true\">\n\t\t\t\t\t\t\t\t\t\t\t\t\t\t\t<span class=\"elementor-accordion-icon-closed\"><i class=\"fas fa-plus\"><\/i><\/span>\n\t\t\t\t\t\t\t\t<span class=\"elementor-accordion-icon-opened\"><i class=\"fas fa-minus\"><\/i><\/span>\n\t\t\t\t\t\t\t\t\t\t\t\t\t\t<\/span>\n\t\t\t\t\t\t\t\t\t\t\t\t<a class=\"elementor-accordion-title\" href=\"\">EN CASO DE PRESENTARSE UNA EMERGENCIA CON EL PRODUCTO, \u00bfQU\u00c9 HAGO?<\/a>\n\t\t\t\t\t<\/div>\n\t\t\t\t\t<div id=\"elementor-tab-content-20511\" class=\"elementor-tab-content elementor-clearfix\" data-tab=\"11\" role=\"tabpanel\" aria-labelledby=\"elementor-tab-title-20511\"><p>En caso de presentarse emergencia o accidentes al momento de manipular el producto, comun\u00edquese con CISPROQUIM a las l\u00edneas de atenci\u00f3n (1) 2886012 en Bogot\u00e1 o al 01 8000 916012 en el resto del pa\u00eds las 24 horas.<\/p><\/div>\n\t\t\t\t<\/div>\n\t\t\t\t\t\t\t<div class=\"elementor-accordion-item\">\n\t\t\t\t\t<div id=\"elementor-tab-title-20512\" class=\"elementor-tab-title\" data-tab=\"12\" role=\"tab\" aria-controls=\"elementor-tab-content-20512\">\n\t\t\t\t\t\t\t\t\t\t\t\t\t<span class=\"elementor-accordion-icon elementor-accordion-icon-left\" aria-hidden=\"true\">\n\t\t\t\t\t\t\t\t\t\t\t\t\t\t\t<span class=\"elementor-accordion-icon-closed\"><i class=\"fas fa-plus\"><\/i><\/span>\n\t\t\t\t\t\t\t\t<span class=\"elementor-accordion-icon-opened\"><i class=\"fas fa-minus\"><\/i><\/span>\n\t\t\t\t\t\t\t\t\t\t\t\t\t\t<\/span>\n\t\t\t\t\t\t\t\t\t\t\t\t<a class=\"elementor-accordion-title\" href=\"\">TENGO PREGUNTAS O COMENTARIOS SOBRE UN PRODUCTO DE COFARMA. \u00bfA QUI\u00c9N PUEDO DIRIGIRME?<\/a>\n\t\t\t\t\t<\/div>\n\t\t\t\t\t<div id=\"elementor-tab-content-20512\" class=\"elementor-tab-content elementor-clearfix\" data-tab=\"12\" role=\"tabpanel\" aria-labelledby=\"elementor-tab-title-20512\"><p>Como una compa\u00f1\u00eda familiar, nos preocupamos por hacer la vida m\u00e1s limpia, m\u00e1s f\u00e1cil y mejor para las familias. Queremos escuchar tus comentarios, sugerencias y preguntas.<\/p><p>Para recibir consejos o dejar retroalimentaci\u00f3n sobre nuestros productos, env\u00edanos un e-mail.<\/p><p>O cont\u00e1ctanos directamente en:<\/p><p><strong>Carrera 43 No. 54-14. Barranquilla, Colombia.<\/strong><br \/>(57) \u2013 5 \u2013 3716888<br \/>(57) \u2013 5 \u2013 3716892<br \/>(57) \u2013 5 \u2013 3510519<\/p><\/div>\n\t\t\t\t<\/div>\n\t\t\t\t\t<\/div>\n\t\t\t\t<\/div>\n\t\t\t\t<\/div>\n\t\t\t\t\t\t<\/div>\n\t\t\t\t\t<\/div>\n\t\t<\/div>\n\t\t\t\t\t\t\t\t<\/div>\n\t\t\t\t\t<\/div>\n\t\t<\/section>\n\t\t\t\t\t\t<\/div>\n\t\t\t\t\t\t<\/div>\n\t\t\t\t\t<\/div>\n\t\t","protected":false},"excerpt":{"rendered":"<p>\u00bfD\u00d3NDE PUEDO COMPRAR MIS PRODUCTOS COFARMA FAVORITOS? Los productos de COFARMA pueden encontrarse en las principales tiendas de Supermercados de Cadena, Farmacias, as\u00ed como en las principales tiendas en l\u00ednea de Colombia. \u00bfHAY DISPONIBILIDAD DE REPUESTOS PARA MIS PRODUCTOS COFARMA? Muchos de los productos de COFARMA cuentan con paquetes de repuesto. \u00bfES SEGURO USAR LOS [&hellip;]<\/p>\n","protected":false},"author":3,"featured_media":664,"parent":0,"menu_order":0,"comment_status":"closed","ping_status":"closed","template":"","meta":{"_monsterinsights_skip_tracking":false,"_monsterinsights_sitenote_active":false,"_monsterinsights_sitenote_note":"","_monsterinsights_sitenote_category":0,"footnotes":""},"class_list":["post-846","page","type-page","status-publish","has-post-thumbnail","hentry","entry","has-media"],"yoast_head":"<!-- This site is optimized with the Yoast SEO plugin v15.0 - https:\/\/yoast.com\/wordpress\/plugins\/seo\/ -->\n<title>Preguntas frecuentes | Cofarma S.A.<\/title>\n<meta name=\"robots\" content=\"index, follow, max-snippet:-1, max-image-preview:large, max-video-preview:-1\" \/>\n<link rel=\"canonical\" href=\"https:\/\/desarrollo.cofarma.com\/preguntas-frecuentes\/\" \/>\n<meta property=\"og:locale\" content=\"es_ES\" \/>\n<meta property=\"og:type\" content=\"article\" \/>\n<meta property=\"og:title\" content=\"Preguntas frecuentes | Cofarma S.A.\" \/>\n<meta property=\"og:description\" content=\"\u00bfD\u00d3NDE PUEDO COMPRAR MIS PRODUCTOS COFARMA FAVORITOS? Los productos de COFARMA pueden encontrarse en las principales tiendas de Supermercados de Cadena, Farmacias, as\u00ed como en las principales tiendas en l\u00ednea de Colombia. \u00bfHAY DISPONIBILIDAD DE REPUESTOS PARA MIS PRODUCTOS COFARMA? Muchos de los productos de COFARMA cuentan con paquetes de repuesto. \u00bfES SEGURO USAR LOS [&hellip;]\" \/>\n<meta property=\"og:url\" content=\"https:\/\/desarrollo.cofarma.com\/preguntas-frecuentes\/\" \/>\n<meta property=\"og:site_name\" content=\"Cofarma S.A.\" \/>\n<meta property=\"article:publisher\" content=\"https:\/\/www.facebook.com\/Laboratorioscofarma\/\" \/>\n<meta property=\"article:modified_time\" content=\"2020-09-06T02:04:57+00:00\" \/>\n<meta property=\"og:image\" content=\"https:\/\/desarrollo.cofarma.com\/wp-content\/uploads\/2018\/09\/novedades-1.jpg\" \/>\n\t<meta property=\"og:image:width\" content=\"1200\" \/>\n\t<meta property=\"og:image:height\" content=\"801\" \/>\n<meta name=\"twitter:card\" content=\"summary_large_image\" \/>\n<meta name=\"twitter:creator\" content=\"@LabCofarma\" \/>\n<meta name=\"twitter:site\" content=\"@LabCofarma\" \/>\n<script type=\"application\/ld+json\" class=\"yoast-schema-graph\">{\"@context\":\"https:\/\/schema.org\",\"@graph\":[{\"@type\":\"Organization\",\"@id\":\"https:\/\/desarrollo.cofarma.com\/#organization\",\"name\":\"Laboratorios Cofarma\",\"url\":\"https:\/\/desarrollo.cofarma.com\/\",\"sameAs\":[\"https:\/\/www.facebook.com\/Laboratorioscofarma\/\",\"https:\/\/www.instagram.com\/laboratorioscofarma\/\",\"https:\/\/twitter.com\/LabCofarma\"],\"logo\":{\"@type\":\"ImageObject\",\"@id\":\"https:\/\/desarrollo.cofarma.com\/#logo\",\"inLanguage\":\"es\",\"url\":\"https:\/\/desarrollo.cofarma.com\/wp-content\/uploads\/2018\/09\/cofarma.png\",\"width\":100,\"height\":100,\"caption\":\"Laboratorios Cofarma\"},\"image\":{\"@id\":\"https:\/\/desarrollo.cofarma.com\/#logo\"}},{\"@type\":\"WebSite\",\"@id\":\"https:\/\/desarrollo.cofarma.com\/#website\",\"url\":\"https:\/\/desarrollo.cofarma.com\/\",\"name\":\"Cofarma S.A.\",\"description\":\"Ambientadores y Fragancias\",\"publisher\":{\"@id\":\"https:\/\/desarrollo.cofarma.com\/#organization\"},\"potentialAction\":[{\"@type\":\"SearchAction\",\"target\":\"https:\/\/desarrollo.cofarma.com\/?s={search_term_string}\",\"query-input\":\"required name=search_term_string\"}],\"inLanguage\":\"es\"},{\"@type\":\"ImageObject\",\"@id\":\"https:\/\/desarrollo.cofarma.com\/preguntas-frecuentes\/#primaryimage\",\"inLanguage\":\"es\",\"url\":\"https:\/\/desarrollo.cofarma.com\/wp-content\/uploads\/2018\/09\/novedades-1.jpg\",\"width\":1200,\"height\":801},{\"@type\":\"WebPage\",\"@id\":\"https:\/\/desarrollo.cofarma.com\/preguntas-frecuentes\/#webpage\",\"url\":\"https:\/\/desarrollo.cofarma.com\/preguntas-frecuentes\/\",\"name\":\"Preguntas frecuentes | Cofarma S.A.\",\"isPartOf\":{\"@id\":\"https:\/\/desarrollo.cofarma.com\/#website\"},\"primaryImageOfPage\":{\"@id\":\"https:\/\/desarrollo.cofarma.com\/preguntas-frecuentes\/#primaryimage\"},\"datePublished\":\"2019-10-11T16:19:18+00:00\",\"dateModified\":\"2020-09-06T02:04:57+00:00\",\"inLanguage\":\"es\",\"potentialAction\":[{\"@type\":\"ReadAction\",\"target\":[\"https:\/\/desarrollo.cofarma.com\/preguntas-frecuentes\/\"]}]}]}<\/script>\n<!-- \/ Yoast SEO plugin. -->","_links":{"self":[{"href":"https:\/\/desarrollo.cofarma.com\/index.php?rest_route=\/wp\/v2\/pages\/846","targetHints":{"allow":["GET"]}}],"collection":[{"href":"https:\/\/desarrollo.cofarma.com\/index.php?rest_route=\/wp\/v2\/pages"}],"about":[{"href":"https:\/\/desarrollo.cofarma.com\/index.php?rest_route=\/wp\/v2\/types\/page"}],"author":[{"embeddable":true,"href":"https:\/\/desarrollo.cofarma.com\/index.php?rest_route=\/wp\/v2\/users\/3"}],"replies":[{"embeddable":true,"href":"https:\/\/desarrollo.cofarma.com\/index.php?rest_route=%2Fwp%2Fv2%2Fcomments&post=846"}],"version-history":[{"count":8,"href":"https:\/\/desarrollo.cofarma.com\/index.php?rest_route=\/wp\/v2\/pages\/846\/revisions"}],"predecessor-version":[{"id":1042,"href":"https:\/\/desarrollo.cofarma.com\/index.php?rest_route=\/wp\/v2\/pages\/846\/revisions\/1042"}],"wp:featuredmedia":[{"embeddable":true,"href":"https:\/\/desarrollo.cofarma.com\/index.php?rest_route=\/wp\/v2\/media\/664"}],"wp:attachment":[{"href":"https:\/\/desarrollo.cofarma.com\/index.php?rest_route=%2Fwp%2Fv2%2Fmedia&parent=846"}],"curies":[{"name":"wp","href":"https:\/\/api.w.org\/{rel}","templated":true}]}}