{"id":160,"date":"2018-09-06T15:45:42","date_gmt":"2018-09-06T20:45:42","guid":{"rendered":"http:\/\/pixel-pro.co\/cofarma\/?page_id=160"},"modified":"2020-08-21T13:52:49","modified_gmt":"2020-08-21T18:52:49","slug":"cuidado-de-banos-tergo","status":"publish","type":"page","link":"https:\/\/desarrollo.cofarma.com\/?page_id=160","title":{"rendered":"Cuidado de ba\u00f1os Tergo"},"content":{"rendered":"\t\t<div data-elementor-type=\"wp-post\" data-elementor-id=\"160\" class=\"elementor elementor-160\" data-elementor-settings=\"[]\">\n\t\t\t\t\t\t<div class=\"elementor-inner\">\n\t\t\t\t\t\t\t<div class=\"elementor-section-wrap\">\n\t\t\t\t\t\t\t<section class=\"elementor-section elementor-top-section elementor-element elementor-element-34701a5b elementor-section-stretched elementor-section-full_width elementor-section-height-default elementor-section-height-default\" data-id=\"34701a5b\" data-element_type=\"section\" data-settings=\"{&quot;stretch_section&quot;:&quot;section-stretched&quot;,&quot;background_background&quot;:&quot;classic&quot;}\">\n\t\t\t\t\t\t<div class=\"elementor-container elementor-column-gap-default\">\n\t\t\t\t\t\t\t<div class=\"elementor-row\">\n\t\t\t\t\t<div class=\"elementor-column elementor-col-100 elementor-top-column elementor-element elementor-element-6a6540d9\" data-id=\"6a6540d9\" data-element_type=\"column\">\n\t\t\t<div class=\"elementor-column-wrap elementor-element-populated\">\n\t\t\t\t\t\t\t<div class=\"elementor-widget-wrap\">\n\t\t\t\t\t\t<div class=\"elementor-element elementor-element-70586064 elementor-widget elementor-widget-spacer\" data-id=\"70586064\" data-element_type=\"widget\" data-widget_type=\"spacer.default\">\n\t\t\t\t<div class=\"elementor-widget-container\">\n\t\t\t\t\t<div class=\"elementor-spacer\">\n\t\t\t<div class=\"elementor-spacer-inner\"><\/div>\n\t\t<\/div>\n\t\t\t\t<\/div>\n\t\t\t\t<\/div>\n\t\t\t\t<div class=\"elementor-element elementor-element-5f91fa1 elementor-widget elementor-widget-spacer\" data-id=\"5f91fa1\" data-element_type=\"widget\" data-widget_type=\"spacer.default\">\n\t\t\t\t<div class=\"elementor-widget-container\">\n\t\t\t\t\t<div class=\"elementor-spacer\">\n\t\t\t<div class=\"elementor-spacer-inner\"><\/div>\n\t\t<\/div>\n\t\t\t\t<\/div>\n\t\t\t\t<\/div>\n\t\t\t\t<div class=\"elementor-element elementor-element-6cb18476 elementor-widget elementor-widget-spacer\" data-id=\"6cb18476\" data-element_type=\"widget\" data-widget_type=\"spacer.default\">\n\t\t\t\t<div class=\"elementor-widget-container\">\n\t\t\t\t\t<div class=\"elementor-spacer\">\n\t\t\t<div class=\"elementor-spacer-inner\"><\/div>\n\t\t<\/div>\n\t\t\t\t<\/div>\n\t\t\t\t<\/div>\n\t\t\t\t\t\t<\/div>\n\t\t\t\t\t<\/div>\n\t\t<\/div>\n\t\t\t\t\t\t\t\t<\/div>\n\t\t\t\t\t<\/div>\n\t\t<\/section>\n\t\t\t\t<section class=\"elementor-section elementor-top-section elementor-element elementor-element-4f6824e3 elementor-section-boxed elementor-section-height-default elementor-section-height-default\" data-id=\"4f6824e3\" data-element_type=\"section\">\n\t\t\t\t\t\t<div class=\"elementor-container elementor-column-gap-default\">\n\t\t\t\t\t\t\t<div class=\"elementor-row\">\n\t\t\t\t\t<div class=\"elementor-column elementor-col-50 elementor-top-column elementor-element elementor-element-ffec652\" data-id=\"ffec652\" data-element_type=\"column\">\n\t\t\t<div class=\"elementor-column-wrap elementor-element-populated\">\n\t\t\t\t\t\t\t<div class=\"elementor-widget-wrap\">\n\t\t\t\t\t\t<div class=\"elementor-element elementor-element-743f7d8f elementor-widget elementor-widget-image\" data-id=\"743f7d8f\" data-element_type=\"widget\" data-widget_type=\"image.default\">\n\t\t\t\t<div class=\"elementor-widget-container\">\n\t\t\t\t\t<div class=\"elementor-image\">\n\t\t\t\t\t\t\t\t\t\t<img loading=\"lazy\" decoding=\"async\" width=\"1024\" height=\"1024\" src=\"https:\/\/desarrollo.cofarma.com\/wp-content\/uploads\/2020\/05\/tergo-01-1024x1024.png\" class=\"attachment-large size-large\" alt=\"\" srcset=\"https:\/\/desarrollo.cofarma.com\/wp-content\/uploads\/2020\/05\/tergo-01-1024x1024.png 1024w, https:\/\/desarrollo.cofarma.com\/wp-content\/uploads\/2020\/05\/tergo-01-300x300.png 300w, https:\/\/desarrollo.cofarma.com\/wp-content\/uploads\/2020\/05\/tergo-01-150x150.png 150w, https:\/\/desarrollo.cofarma.com\/wp-content\/uploads\/2020\/05\/tergo-01-768x768.png 768w, https:\/\/desarrollo.cofarma.com\/wp-content\/uploads\/2020\/05\/tergo-01-1536x1536.png 1536w, https:\/\/desarrollo.cofarma.com\/wp-content\/uploads\/2020\/05\/tergo-01-2048x2048.png 2048w\" sizes=\"auto, (max-width: 1024px) 100vw, 1024px\" \/>\t\t\t\t\t\t\t\t\t\t\t<\/div>\n\t\t\t\t<\/div>\n\t\t\t\t<\/div>\n\t\t\t\t\t\t<\/div>\n\t\t\t\t\t<\/div>\n\t\t<\/div>\n\t\t\t\t<div class=\"elementor-column elementor-col-50 elementor-top-column elementor-element elementor-element-1fc8b045\" data-id=\"1fc8b045\" data-element_type=\"column\">\n\t\t\t<div class=\"elementor-column-wrap\">\n\t\t\t\t\t\t\t<div class=\"elementor-widget-wrap\">\n\t\t\t\t\t\t\t\t<\/div>\n\t\t\t\t\t<\/div>\n\t\t<\/div>\n\t\t\t\t\t\t\t\t<\/div>\n\t\t\t\t\t<\/div>\n\t\t<\/section>\n\t\t\t\t<section class=\"elementor-section elementor-top-section elementor-element elementor-element-43ae77fe elementor-section-boxed elementor-section-height-default elementor-section-height-default\" data-id=\"43ae77fe\" data-element_type=\"section\">\n\t\t\t\t\t\t<div class=\"elementor-container elementor-column-gap-default\">\n\t\t\t\t\t\t\t<div class=\"elementor-row\">\n\t\t\t\t\t<div class=\"elementor-column elementor-col-100 elementor-top-column elementor-element elementor-element-66ef732d\" data-id=\"66ef732d\" data-element_type=\"column\">\n\t\t\t<div class=\"elementor-column-wrap elementor-element-populated\">\n\t\t\t\t\t\t\t<div class=\"elementor-widget-wrap\">\n\t\t\t\t\t\t<section class=\"elementor-section elementor-inner-section elementor-element elementor-element-1fc76bc9 elementor-section-boxed elementor-section-height-default elementor-section-height-default\" data-id=\"1fc76bc9\" data-element_type=\"section\">\n\t\t\t\t\t\t<div class=\"elementor-container elementor-column-gap-default\">\n\t\t\t\t\t\t\t<div class=\"elementor-row\">\n\t\t\t\t\t<div class=\"elementor-column elementor-col-50 elementor-inner-column elementor-element elementor-element-30b3634f\" data-id=\"30b3634f\" data-element_type=\"column\">\n\t\t\t<div class=\"elementor-column-wrap elementor-element-populated\">\n\t\t\t\t\t\t\t<div class=\"elementor-widget-wrap\">\n\t\t\t\t\t\t<div class=\"elementor-element elementor-element-268f5017 elementor-widget elementor-widget-heading\" data-id=\"268f5017\" data-element_type=\"widget\" data-widget_type=\"heading.default\">\n\t\t\t\t<div class=\"elementor-widget-container\">\n\t\t\t<h2 class=\"elementor-heading-title elementor-size-default\">CUIDADO GENERAL DEL HOGAR<\/h2>\t\t<\/div>\n\t\t\t\t<\/div>\n\t\t\t\t<div class=\"elementor-element elementor-element-6fb3542e elementor-widget elementor-widget-text-editor\" data-id=\"6fb3542e\" data-element_type=\"widget\" data-widget_type=\"text-editor.default\">\n\t\t\t\t<div class=\"elementor-widget-container\">\n\t\t\t\t\t<div class=\"elementor-text-editor elementor-clearfix\">Desde hoy, todos querr\u00e1n visitar tu ba\u00f1o, gracias a los impecables aromas que se apoderar\u00e1n de \u00e9l despu\u00e9s de que conozcas todas las opciones que Tergo tiene para ti. Ya sea en gel, cinta o pasta, vas a sentir la transformaci\u00f3n de tus inodoros, tanques y lavamanos para siempre.<\/div>\n\t\t\t\t<\/div>\n\t\t\t\t<\/div>\n\t\t\t\t\t\t<\/div>\n\t\t\t\t\t<\/div>\n\t\t<\/div>\n\t\t\t\t<div class=\"elementor-column elementor-col-50 elementor-inner-column elementor-element elementor-element-51f5f5e6\" data-id=\"51f5f5e6\" data-element_type=\"column\">\n\t\t\t<div class=\"elementor-column-wrap elementor-element-populated\">\n\t\t\t\t\t\t\t<div class=\"elementor-widget-wrap\">\n\t\t\t\t\t\t<div class=\"elementor-element elementor-element-2ccdaf48 elementor-widget elementor-widget-image\" data-id=\"2ccdaf48\" data-element_type=\"widget\" data-widget_type=\"image.default\">\n\t\t\t\t<div class=\"elementor-widget-container\">\n\t\t\t\t\t<div class=\"elementor-image\">\n\t\t\t\t\t\t\t\t\t\t<img loading=\"lazy\" decoding=\"async\" width=\"456\" height=\"445\" src=\"https:\/\/desarrollo.cofarma.com\/wp-content\/uploads\/2019\/07\/elemento-tergo-2.png\" class=\"attachment-large size-large\" alt=\"\" srcset=\"https:\/\/desarrollo.cofarma.com\/wp-content\/uploads\/2019\/07\/elemento-tergo-2.png 456w, https:\/\/desarrollo.cofarma.com\/wp-content\/uploads\/2019\/07\/elemento-tergo-2-300x293.png 300w\" sizes=\"auto, (max-width: 456px) 100vw, 456px\" \/>\t\t\t\t\t\t\t\t\t\t\t<\/div>\n\t\t\t\t<\/div>\n\t\t\t\t<\/div>\n\t\t\t\t\t\t<\/div>\n\t\t\t\t\t<\/div>\n\t\t<\/div>\n\t\t\t\t\t\t\t\t<\/div>\n\t\t\t\t\t<\/div>\n\t\t<\/section>\n\t\t\t\t\t\t<\/div>\n\t\t\t\t\t<\/div>\n\t\t<\/div>\n\t\t\t\t\t\t\t\t<\/div>\n\t\t\t\t\t<\/div>\n\t\t<\/section>\n\t\t\t\t<section class=\"elementor-section elementor-top-section elementor-element elementor-element-1b6f9f41 elementor-section-stretched elementor-section-full_width elementor-section-height-default elementor-section-height-default\" data-id=\"1b6f9f41\" data-element_type=\"section\" data-settings=\"{&quot;stretch_section&quot;:&quot;section-stretched&quot;,&quot;background_background&quot;:&quot;classic&quot;}\">\n\t\t\t\t\t\t<div class=\"elementor-container elementor-column-gap-default\">\n\t\t\t\t\t\t\t<div class=\"elementor-row\">\n\t\t\t\t\t<div class=\"elementor-column elementor-col-100 elementor-top-column elementor-element elementor-element-7a23070d\" data-id=\"7a23070d\" data-element_type=\"column\">\n\t\t\t<div class=\"elementor-column-wrap elementor-element-populated\">\n\t\t\t\t\t\t\t<div class=\"elementor-widget-wrap\">\n\t\t\t\t\t\t<div class=\"elementor-element elementor-element-1488c610 elementor-widget elementor-widget-heading\" data-id=\"1488c610\" data-element_type=\"widget\" data-widget_type=\"heading.default\">\n\t\t\t\t<div class=\"elementor-widget-container\">\n\t\t\t<h2 class=\"elementor-heading-title elementor-size-default\">PRODUCTOS Y PRESENTACIONES<\/h2>\t\t<\/div>\n\t\t\t\t<\/div>\n\t\t\t\t<section class=\"elementor-section elementor-inner-section elementor-element elementor-element-305cfd6a elementor-section-boxed elementor-section-height-default elementor-section-height-default\" data-id=\"305cfd6a\" data-element_type=\"section\">\n\t\t\t\t\t\t<div class=\"elementor-container elementor-column-gap-default\">\n\t\t\t\t\t\t\t<div class=\"elementor-row\">\n\t\t\t\t\t<div class=\"elementor-column elementor-col-100 elementor-inner-column elementor-element elementor-element-55d09a36\" data-id=\"55d09a36\" data-element_type=\"column\">\n\t\t\t<div class=\"elementor-column-wrap elementor-element-populated\">\n\t\t\t\t\t\t\t<div class=\"elementor-widget-wrap\">\n\t\t\t\t\t\t<div class=\"elementor-element elementor-element-5ccc1e85 elementor-grid-4 elementor-grid-mobile-2 elementor-posts--align-center elementor-posts__hover-none elementor-grid-tablet-2 elementor-posts--thumbnail-top elementor-card-shadow-yes elementor-widget elementor-widget-posts\" data-id=\"5ccc1e85\" data-element_type=\"widget\" data-settings=\"{&quot;cards_columns&quot;:&quot;4&quot;,&quot;cards_columns_mobile&quot;:&quot;2&quot;,&quot;cards_row_gap&quot;:{&quot;unit&quot;:&quot;px&quot;,&quot;size&quot;:39,&quot;sizes&quot;:[]},&quot;cards_columns_tablet&quot;:&quot;2&quot;}\" data-widget_type=\"posts.cards\">\n\t\t\t\t<div class=\"elementor-widget-container\">\n\t\t\t\t\t<div class=\"elementor-posts-container elementor-posts elementor-posts--skin-cards elementor-grid\">\n\t\t\t\t<article class=\"elementor-post elementor-grid-item post-391 productos type-productos status-publish has-post-thumbnail hentry marca-producto-cuidado-de-banos-tergo entry has-media\">\n\t\t\t<div class=\"elementor-post__card\">\n\t\t\t\t<a class=\"elementor-post__thumbnail__link\" href=\"https:\/\/desarrollo.cofarma.com\/?productos=tergo-cloro-gel\">\n\t\t\t<div class=\"elementor-post__thumbnail\"><img loading=\"lazy\" decoding=\"async\" width=\"300\" height=\"300\" src=\"https:\/\/desarrollo.cofarma.com\/wp-content\/uploads\/2018\/09\/tergo-cloro-gel-500ml-300x300.jpg\" class=\"attachment-medium size-medium\" alt=\"\" srcset=\"https:\/\/desarrollo.cofarma.com\/wp-content\/uploads\/2018\/09\/tergo-cloro-gel-500ml-300x300.jpg 300w, https:\/\/desarrollo.cofarma.com\/wp-content\/uploads\/2018\/09\/tergo-cloro-gel-500ml-150x150.jpg 150w, https:\/\/desarrollo.cofarma.com\/wp-content\/uploads\/2018\/09\/tergo-cloro-gel-500ml.jpg 500w\" sizes=\"auto, (max-width: 300px) 100vw, 300px\" \/><\/div>\n\t\t<\/a>\n\t\t\t\t<div class=\"elementor-post__text\">\n\t\t\t\t<h3 class=\"elementor-post__title\">\n\t\t\t<a href=\"https:\/\/desarrollo.cofarma.com\/?productos=tergo-cloro-gel\">\n\t\t\t\tTergo cloro gel\t\t\t<\/a>\n\t\t<\/h3>\n\t\t\t\t\t<a class=\"elementor-post__read-more\" href=\"https:\/\/desarrollo.cofarma.com\/?productos=tergo-cloro-gel\">\n\t\t\t\tM\u00e1s informaci\u00f3n\t\t\t<\/a>\n\t\t\t\t<\/div>\n\t\t\t\t\t<\/div>\n\t\t<\/article>\n\t\t\t\t<article class=\"elementor-post elementor-grid-item post-393 productos type-productos status-publish has-post-thumbnail hentry marca-producto-cuidado-de-banos-tergo fragancia-producto-citricas fragancia-producto-florales fragancia-producto-verdes entry has-media\">\n\t\t\t<div class=\"elementor-post__card\">\n\t\t\t\t<a class=\"elementor-post__thumbnail__link\" href=\"https:\/\/desarrollo.cofarma.com\/?productos=tergo-glop\">\n\t\t\t<div class=\"elementor-post__thumbnail\"><img loading=\"lazy\" decoding=\"async\" width=\"300\" height=\"300\" src=\"https:\/\/desarrollo.cofarma.com\/wp-content\/uploads\/2018\/09\/tergo-glop-300x300.jpg\" class=\"attachment-medium size-medium\" alt=\"\" srcset=\"https:\/\/desarrollo.cofarma.com\/wp-content\/uploads\/2018\/09\/tergo-glop-300x300.jpg 300w, https:\/\/desarrollo.cofarma.com\/wp-content\/uploads\/2018\/09\/tergo-glop-150x150.jpg 150w, https:\/\/desarrollo.cofarma.com\/wp-content\/uploads\/2018\/09\/tergo-glop.jpg 500w\" sizes=\"auto, (max-width: 300px) 100vw, 300px\" \/><\/div>\n\t\t<\/a>\n\t\t\t\t<div class=\"elementor-post__text\">\n\t\t\t\t<h3 class=\"elementor-post__title\">\n\t\t\t<a href=\"https:\/\/desarrollo.cofarma.com\/?productos=tergo-glop\">\n\t\t\t\tTergo Glop\t\t\t<\/a>\n\t\t<\/h3>\n\t\t\t\t\t<a class=\"elementor-post__read-more\" href=\"https:\/\/desarrollo.cofarma.com\/?productos=tergo-glop\">\n\t\t\t\tM\u00e1s informaci\u00f3n\t\t\t<\/a>\n\t\t\t\t<\/div>\n\t\t\t\t\t<\/div>\n\t\t<\/article>\n\t\t\t\t<article class=\"elementor-post elementor-grid-item post-399 productos type-productos status-publish has-post-thumbnail hentry marca-producto-cuidado-de-banos-tergo fragancia-producto-ozonica entry has-media\">\n\t\t\t<div class=\"elementor-post__card\">\n\t\t\t\t<a class=\"elementor-post__thumbnail__link\" href=\"https:\/\/desarrollo.cofarma.com\/?productos=tergo-blue\">\n\t\t\t<div class=\"elementor-post__thumbnail\"><img loading=\"lazy\" decoding=\"async\" width=\"300\" height=\"300\" src=\"https:\/\/desarrollo.cofarma.com\/wp-content\/uploads\/2018\/09\/tergo-blue-300x300.jpg\" class=\"attachment-medium size-medium\" alt=\"\" srcset=\"https:\/\/desarrollo.cofarma.com\/wp-content\/uploads\/2018\/09\/tergo-blue-300x300.jpg 300w, https:\/\/desarrollo.cofarma.com\/wp-content\/uploads\/2018\/09\/tergo-blue-150x150.jpg 150w, https:\/\/desarrollo.cofarma.com\/wp-content\/uploads\/2018\/09\/tergo-blue.jpg 500w\" sizes=\"auto, (max-width: 300px) 100vw, 300px\" \/><\/div>\n\t\t<\/a>\n\t\t\t\t<div class=\"elementor-post__text\">\n\t\t\t\t<h3 class=\"elementor-post__title\">\n\t\t\t<a href=\"https:\/\/desarrollo.cofarma.com\/?productos=tergo-blue\">\n\t\t\t\tTergo blue\t\t\t<\/a>\n\t\t<\/h3>\n\t\t\t\t\t<a class=\"elementor-post__read-more\" href=\"https:\/\/desarrollo.cofarma.com\/?productos=tergo-blue\">\n\t\t\t\tM\u00e1s informaci\u00f3n\t\t\t<\/a>\n\t\t\t\t<\/div>\n\t\t\t\t\t<\/div>\n\t\t<\/article>\n\t\t\t\t<article class=\"elementor-post elementor-grid-item post-401 productos type-productos status-publish has-post-thumbnail hentry marca-producto-cuidado-de-banos-tergo fragancia-producto-citricas fragancia-producto-florales entry has-media\">\n\t\t\t<div class=\"elementor-post__card\">\n\t\t\t\t<a class=\"elementor-post__thumbnail__link\" href=\"https:\/\/desarrollo.cofarma.com\/?productos=tergo-cinta-adhesiva\">\n\t\t\t<div class=\"elementor-post__thumbnail\"><img loading=\"lazy\" decoding=\"async\" width=\"300\" height=\"300\" src=\"https:\/\/desarrollo.cofarma.com\/wp-content\/uploads\/2018\/09\/tergo-cinta-adhesiva-300x300.jpg\" class=\"attachment-medium size-medium\" alt=\"\" srcset=\"https:\/\/desarrollo.cofarma.com\/wp-content\/uploads\/2018\/09\/tergo-cinta-adhesiva-300x300.jpg 300w, https:\/\/desarrollo.cofarma.com\/wp-content\/uploads\/2018\/09\/tergo-cinta-adhesiva-150x150.jpg 150w, https:\/\/desarrollo.cofarma.com\/wp-content\/uploads\/2018\/09\/tergo-cinta-adhesiva.jpg 500w\" sizes=\"auto, (max-width: 300px) 100vw, 300px\" \/><\/div>\n\t\t<\/a>\n\t\t\t\t<div class=\"elementor-post__text\">\n\t\t\t\t<h3 class=\"elementor-post__title\">\n\t\t\t<a href=\"https:\/\/desarrollo.cofarma.com\/?productos=tergo-cinta-adhesiva\">\n\t\t\t\tTergo cinta adhesiva\t\t\t<\/a>\n\t\t<\/h3>\n\t\t\t\t\t<a class=\"elementor-post__read-more\" href=\"https:\/\/desarrollo.cofarma.com\/?productos=tergo-cinta-adhesiva\">\n\t\t\t\tM\u00e1s informaci\u00f3n\t\t\t<\/a>\n\t\t\t\t<\/div>\n\t\t\t\t\t<\/div>\n\t\t<\/article>\n\t\t\t\t<\/div>\n\t\t\t\t<\/div>\n\t\t\t\t<\/div>\n\t\t\t\t\t\t<\/div>\n\t\t\t\t\t<\/div>\n\t\t<\/div>\n\t\t\t\t\t\t\t\t<\/div>\n\t\t\t\t\t<\/div>\n\t\t<\/section>\n\t\t\t\t\t\t<\/div>\n\t\t\t\t\t<\/div>\n\t\t<\/div>\n\t\t\t\t\t\t\t\t<\/div>\n\t\t\t\t\t<\/div>\n\t\t<\/section>\n\t\t\t\t\t\t<\/div>\n\t\t\t\t\t\t<\/div>\n\t\t\t\t\t<\/div>\n\t\t","protected":false},"excerpt":{"rendered":"<p>CUIDADO GENERAL DEL HOGAR Desde hoy, todos querr\u00e1n visitar tu ba\u00f1o, gracias a los impecables aromas que se apoderar\u00e1n de \u00e9l despu\u00e9s de que conozcas<\/p>\n","protected":false},"author":3,"featured_media":755,"parent":0,"menu_order":0,"comment_status":"closed","ping_status":"closed","template":"","meta":{"_monsterinsights_skip_tracking":false,"_monsterinsights_sitenote_active":false,"_monsterinsights_sitenote_note":"","_monsterinsights_sitenote_category":0,"footnotes":""},"class_list":["post-160","page","type-page","status-publish","has-post-thumbnail","hentry","entry","has-media"],"yoast_head":"<!-- This site is optimized with the Yoast SEO plugin v15.0 - https:\/\/yoast.com\/wordpress\/plugins\/seo\/ -->\n<title>Cuidado de ba\u00f1os Tergo | Cofarma S.A.<\/title>\n<meta name=\"robots\" content=\"index, follow, max-snippet:-1, max-image-preview:large, max-video-preview:-1\" \/>\n<link rel=\"canonical\" href=\"https:\/\/desarrollo.cofarma.com\/cuidado-de-banos-tergo\/\" \/>\n<meta property=\"og:locale\" content=\"es_ES\" \/>\n<meta property=\"og:type\" content=\"article\" \/>\n<meta property=\"og:title\" content=\"Cuidado de ba\u00f1os Tergo | Cofarma S.A.\" \/>\n<meta property=\"og:description\" content=\"CUIDADO GENERAL DEL HOGAR Desde hoy, todos querr\u00e1n visitar tu ba\u00f1o, gracias a los impecables aromas que se apoderar\u00e1n de \u00e9l despu\u00e9s de que conozcas\" \/>\n<meta property=\"og:url\" content=\"https:\/\/desarrollo.cofarma.com\/cuidado-de-banos-tergo\/\" \/>\n<meta property=\"og:site_name\" content=\"Cofarma S.A.\" \/>\n<meta property=\"article:publisher\" content=\"https:\/\/www.facebook.com\/Laboratorioscofarma\/\" \/>\n<meta property=\"article:modified_time\" content=\"2020-08-21T18:52:49+00:00\" \/>\n<meta property=\"og:image\" content=\"https:\/\/desarrollo.cofarma.com\/wp-content\/uploads\/2019\/06\/tergo.png\" \/>\n\t<meta property=\"og:image:width\" content=\"1200\" \/>\n\t<meta property=\"og:image:height\" content=\"448\" \/>\n<meta name=\"twitter:card\" content=\"summary_large_image\" \/>\n<meta name=\"twitter:creator\" content=\"@LabCofarma\" \/>\n<meta name=\"twitter:site\" content=\"@LabCofarma\" \/>\n<script type=\"application\/ld+json\" class=\"yoast-schema-graph\">{\"@context\":\"https:\/\/schema.org\",\"@graph\":[{\"@type\":\"Organization\",\"@id\":\"https:\/\/desarrollo.cofarma.com\/#organization\",\"name\":\"Laboratorios Cofarma\",\"url\":\"https:\/\/desarrollo.cofarma.com\/\",\"sameAs\":[\"https:\/\/www.facebook.com\/Laboratorioscofarma\/\",\"https:\/\/www.instagram.com\/laboratorioscofarma\/\",\"https:\/\/twitter.com\/LabCofarma\"],\"logo\":{\"@type\":\"ImageObject\",\"@id\":\"https:\/\/desarrollo.cofarma.com\/#logo\",\"inLanguage\":\"es\",\"url\":\"https:\/\/desarrollo.cofarma.com\/wp-content\/uploads\/2018\/09\/cofarma.png\",\"width\":100,\"height\":100,\"caption\":\"Laboratorios Cofarma\"},\"image\":{\"@id\":\"https:\/\/desarrollo.cofarma.com\/#logo\"}},{\"@type\":\"WebSite\",\"@id\":\"https:\/\/desarrollo.cofarma.com\/#website\",\"url\":\"https:\/\/desarrollo.cofarma.com\/\",\"name\":\"Cofarma S.A.\",\"description\":\"Ambientadores y Fragancias\",\"publisher\":{\"@id\":\"https:\/\/desarrollo.cofarma.com\/#organization\"},\"potentialAction\":[{\"@type\":\"SearchAction\",\"target\":\"https:\/\/desarrollo.cofarma.com\/?s={search_term_string}\",\"query-input\":\"required name=search_term_string\"}],\"inLanguage\":\"es\"},{\"@type\":\"ImageObject\",\"@id\":\"https:\/\/desarrollo.cofarma.com\/cuidado-de-banos-tergo\/#primaryimage\",\"inLanguage\":\"es\",\"url\":\"https:\/\/desarrollo.cofarma.com\/wp-content\/uploads\/2019\/06\/tergo.png\",\"width\":1200,\"height\":448},{\"@type\":\"WebPage\",\"@id\":\"https:\/\/desarrollo.cofarma.com\/cuidado-de-banos-tergo\/#webpage\",\"url\":\"https:\/\/desarrollo.cofarma.com\/cuidado-de-banos-tergo\/\",\"name\":\"Cuidado de ba\\u00f1os Tergo | Cofarma S.A.\",\"isPartOf\":{\"@id\":\"https:\/\/desarrollo.cofarma.com\/#website\"},\"primaryImageOfPage\":{\"@id\":\"https:\/\/desarrollo.cofarma.com\/cuidado-de-banos-tergo\/#primaryimage\"},\"datePublished\":\"2018-09-06T20:45:42+00:00\",\"dateModified\":\"2020-08-21T18:52:49+00:00\",\"inLanguage\":\"es\",\"potentialAction\":[{\"@type\":\"ReadAction\",\"target\":[\"https:\/\/desarrollo.cofarma.com\/cuidado-de-banos-tergo\/\"]}]}]}<\/script>\n<!-- \/ Yoast SEO plugin. -->","_links":{"self":[{"href":"https:\/\/desarrollo.cofarma.com\/index.php?rest_route=\/wp\/v2\/pages\/160","targetHints":{"allow":["GET"]}}],"collection":[{"href":"https:\/\/desarrollo.cofarma.com\/index.php?rest_route=\/wp\/v2\/pages"}],"about":[{"href":"https:\/\/desarrollo.cofarma.com\/index.php?rest_route=\/wp\/v2\/types\/page"}],"author":[{"embeddable":true,"href":"https:\/\/desarrollo.cofarma.com\/index.php?rest_route=\/wp\/v2\/users\/3"}],"replies":[{"embeddable":true,"href":"https:\/\/desarrollo.cofarma.com\/index.php?rest_route=%2Fwp%2Fv2%2Fcomments&post=160"}],"version-history":[{"count":12,"href":"https:\/\/desarrollo.cofarma.com\/index.php?rest_route=\/wp\/v2\/pages\/160\/revisions"}],"predecessor-version":[{"id":1128,"href":"https:\/\/desarrollo.cofarma.com\/index.php?rest_route=\/wp\/v2\/pages\/160\/revisions\/1128"}],"wp:featuredmedia":[{"embeddable":true,"href":"https:\/\/desarrollo.cofarma.com\/index.php?rest_route=\/wp\/v2\/media\/755"}],"wp:attachment":[{"href":"https:\/\/desarrollo.cofarma.com\/index.php?rest_route=%2Fwp%2Fv2%2Fmedia&parent=160"}],"curies":[{"name":"wp","href":"https:\/\/api.w.org\/{rel}","templated":true}]}}