{"id":156,"date":"2018-09-06T15:44:08","date_gmt":"2018-09-06T20:44:08","guid":{"rendered":"http:\/\/pixel-pro.co\/cofarma\/?page_id=156"},"modified":"2020-08-21T13:49:52","modified_gmt":"2020-08-21T18:49:52","slug":"cuidado-de-pisos-pinolina","status":"publish","type":"page","link":"https:\/\/desarrollo.cofarma.com\/?page_id=156","title":{"rendered":"Cuidado de pisos Pinolina"},"content":{"rendered":"\t\t<div data-elementor-type=\"wp-post\" data-elementor-id=\"156\" class=\"elementor elementor-156\" data-elementor-settings=\"[]\">\n\t\t\t\t\t\t<div class=\"elementor-inner\">\n\t\t\t\t\t\t\t<div class=\"elementor-section-wrap\">\n\t\t\t\t\t\t\t<section class=\"elementor-section elementor-top-section elementor-element elementor-element-fd388cf elementor-section-stretched elementor-section-full_width elementor-section-height-default elementor-section-height-default\" data-id=\"fd388cf\" data-element_type=\"section\" data-settings=\"{&quot;stretch_section&quot;:&quot;section-stretched&quot;,&quot;background_background&quot;:&quot;classic&quot;}\">\n\t\t\t\t\t\t<div class=\"elementor-container elementor-column-gap-default\">\n\t\t\t\t\t\t\t<div class=\"elementor-row\">\n\t\t\t\t\t<div class=\"elementor-column elementor-col-100 elementor-top-column elementor-element elementor-element-36239fc3\" data-id=\"36239fc3\" data-element_type=\"column\">\n\t\t\t<div class=\"elementor-column-wrap elementor-element-populated\">\n\t\t\t\t\t\t\t<div class=\"elementor-widget-wrap\">\n\t\t\t\t\t\t<div class=\"elementor-element elementor-element-2a7194d4 elementor-widget elementor-widget-spacer\" data-id=\"2a7194d4\" data-element_type=\"widget\" data-widget_type=\"spacer.default\">\n\t\t\t\t<div class=\"elementor-widget-container\">\n\t\t\t\t\t<div class=\"elementor-spacer\">\n\t\t\t<div class=\"elementor-spacer-inner\"><\/div>\n\t\t<\/div>\n\t\t\t\t<\/div>\n\t\t\t\t<\/div>\n\t\t\t\t<div class=\"elementor-element elementor-element-aaae00e elementor-widget elementor-widget-spacer\" data-id=\"aaae00e\" data-element_type=\"widget\" data-widget_type=\"spacer.default\">\n\t\t\t\t<div class=\"elementor-widget-container\">\n\t\t\t\t\t<div class=\"elementor-spacer\">\n\t\t\t<div class=\"elementor-spacer-inner\"><\/div>\n\t\t<\/div>\n\t\t\t\t<\/div>\n\t\t\t\t<\/div>\n\t\t\t\t<div class=\"elementor-element elementor-element-3621edf9 elementor-widget elementor-widget-spacer\" data-id=\"3621edf9\" data-element_type=\"widget\" data-widget_type=\"spacer.default\">\n\t\t\t\t<div class=\"elementor-widget-container\">\n\t\t\t\t\t<div class=\"elementor-spacer\">\n\t\t\t<div class=\"elementor-spacer-inner\"><\/div>\n\t\t<\/div>\n\t\t\t\t<\/div>\n\t\t\t\t<\/div>\n\t\t\t\t\t\t<\/div>\n\t\t\t\t\t<\/div>\n\t\t<\/div>\n\t\t\t\t\t\t\t\t<\/div>\n\t\t\t\t\t<\/div>\n\t\t<\/section>\n\t\t\t\t<section class=\"elementor-section elementor-top-section elementor-element elementor-element-75c3b683 elementor-section-boxed elementor-section-height-default elementor-section-height-default\" data-id=\"75c3b683\" data-element_type=\"section\">\n\t\t\t\t\t\t<div class=\"elementor-container elementor-column-gap-default\">\n\t\t\t\t\t\t\t<div class=\"elementor-row\">\n\t\t\t\t\t<div class=\"elementor-column elementor-col-50 elementor-top-column elementor-element elementor-element-6e80d1d4\" data-id=\"6e80d1d4\" data-element_type=\"column\">\n\t\t\t<div class=\"elementor-column-wrap elementor-element-populated\">\n\t\t\t\t\t\t\t<div class=\"elementor-widget-wrap\">\n\t\t\t\t\t\t<div class=\"elementor-element elementor-element-b18cb79 elementor-widget elementor-widget-image\" data-id=\"b18cb79\" data-element_type=\"widget\" data-widget_type=\"image.default\">\n\t\t\t\t<div class=\"elementor-widget-container\">\n\t\t\t\t\t<div class=\"elementor-image\">\n\t\t\t\t\t\t\t\t\t\t<img loading=\"lazy\" decoding=\"async\" width=\"1024\" height=\"1022\" src=\"https:\/\/desarrollo.cofarma.com\/wp-content\/uploads\/2020\/05\/pinolina-01-1024x1022.png\" class=\"attachment-large size-large\" alt=\"\" srcset=\"https:\/\/desarrollo.cofarma.com\/wp-content\/uploads\/2020\/05\/pinolina-01-1024x1022.png 1024w, https:\/\/desarrollo.cofarma.com\/wp-content\/uploads\/2020\/05\/pinolina-01-300x300.png 300w, https:\/\/desarrollo.cofarma.com\/wp-content\/uploads\/2020\/05\/pinolina-01-150x150.png 150w, https:\/\/desarrollo.cofarma.com\/wp-content\/uploads\/2020\/05\/pinolina-01-768x767.png 768w, https:\/\/desarrollo.cofarma.com\/wp-content\/uploads\/2020\/05\/pinolina-01-1536x1533.png 1536w, https:\/\/desarrollo.cofarma.com\/wp-content\/uploads\/2020\/05\/pinolina-01-2048x2044.png 2048w\" sizes=\"auto, (max-width: 1024px) 100vw, 1024px\" \/>\t\t\t\t\t\t\t\t\t\t\t<\/div>\n\t\t\t\t<\/div>\n\t\t\t\t<\/div>\n\t\t\t\t\t\t<\/div>\n\t\t\t\t\t<\/div>\n\t\t<\/div>\n\t\t\t\t<div class=\"elementor-column elementor-col-50 elementor-top-column elementor-element elementor-element-344191b1\" data-id=\"344191b1\" data-element_type=\"column\">\n\t\t\t<div class=\"elementor-column-wrap\">\n\t\t\t\t\t\t\t<div class=\"elementor-widget-wrap\">\n\t\t\t\t\t\t\t\t<\/div>\n\t\t\t\t\t<\/div>\n\t\t<\/div>\n\t\t\t\t\t\t\t\t<\/div>\n\t\t\t\t\t<\/div>\n\t\t<\/section>\n\t\t\t\t<section class=\"elementor-section elementor-top-section elementor-element elementor-element-1679103f elementor-section-boxed elementor-section-height-default elementor-section-height-default\" data-id=\"1679103f\" data-element_type=\"section\">\n\t\t\t\t\t\t<div class=\"elementor-container elementor-column-gap-default\">\n\t\t\t\t\t\t\t<div class=\"elementor-row\">\n\t\t\t\t\t<div class=\"elementor-column elementor-col-100 elementor-top-column elementor-element elementor-element-6e36e8f1\" data-id=\"6e36e8f1\" data-element_type=\"column\">\n\t\t\t<div class=\"elementor-column-wrap elementor-element-populated\">\n\t\t\t\t\t\t\t<div class=\"elementor-widget-wrap\">\n\t\t\t\t\t\t<section class=\"elementor-section elementor-inner-section elementor-element elementor-element-8e4fd71 elementor-section-boxed elementor-section-height-default elementor-section-height-default\" data-id=\"8e4fd71\" data-element_type=\"section\">\n\t\t\t\t\t\t<div class=\"elementor-container elementor-column-gap-default\">\n\t\t\t\t\t\t\t<div class=\"elementor-row\">\n\t\t\t\t\t<div class=\"elementor-column elementor-col-50 elementor-inner-column elementor-element elementor-element-83b19e2\" data-id=\"83b19e2\" data-element_type=\"column\">\n\t\t\t<div class=\"elementor-column-wrap elementor-element-populated\">\n\t\t\t\t\t\t\t<div class=\"elementor-widget-wrap\">\n\t\t\t\t\t\t<div class=\"elementor-element elementor-element-6dd23e3c elementor-widget elementor-widget-heading\" data-id=\"6dd23e3c\" data-element_type=\"widget\" data-widget_type=\"heading.default\">\n\t\t\t\t<div class=\"elementor-widget-container\">\n\t\t\t<h2 class=\"elementor-heading-title elementor-size-default\">CUIDADO GENERAL DEL HOGAR<\/h2>\t\t<\/div>\n\t\t\t\t<\/div>\n\t\t\t\t<div class=\"elementor-element elementor-element-750f059 elementor-widget elementor-widget-text-editor\" data-id=\"750f059\" data-element_type=\"widget\" data-widget_type=\"text-editor.default\">\n\t\t\t\t<div class=\"elementor-widget-container\">\n\t\t\t\t\t<div class=\"elementor-text-editor elementor-clearfix\"><p>D\u00e9jate envolver por una incre\u00edble fusi\u00f3n arom\u00e1tica, con las pulcras fragancias de la l\u00ednea Pinolina. Cada una de las referencias que hacen parte de este portafolio, especialmente dise\u00f1ado para limpiar, cuidar y dar nueva vida a tus pisos y superficies, te brindar\u00e1 sensaciones inigualables con sus asombrosos resultados y perfumes inspirados en la naturaleza.<\/p><\/div>\n\t\t\t\t<\/div>\n\t\t\t\t<\/div>\n\t\t\t\t\t\t<\/div>\n\t\t\t\t\t<\/div>\n\t\t<\/div>\n\t\t\t\t<div class=\"elementor-column elementor-col-50 elementor-inner-column elementor-element elementor-element-42c3a17\" data-id=\"42c3a17\" data-element_type=\"column\">\n\t\t\t<div class=\"elementor-column-wrap elementor-element-populated\">\n\t\t\t\t\t\t\t<div class=\"elementor-widget-wrap\">\n\t\t\t\t\t\t<div class=\"elementor-element elementor-element-4b2a6ed elementor-widget elementor-widget-image\" data-id=\"4b2a6ed\" data-element_type=\"widget\" data-widget_type=\"image.default\">\n\t\t\t\t<div class=\"elementor-widget-container\">\n\t\t\t\t\t<div class=\"elementor-image\">\n\t\t\t\t\t\t\t\t\t\t<img loading=\"lazy\" decoding=\"async\" width=\"456\" height=\"445\" src=\"https:\/\/desarrollo.cofarma.com\/wp-content\/uploads\/2019\/07\/elemento-pinolina-2.png\" class=\"attachment-large size-large\" alt=\"\" srcset=\"https:\/\/desarrollo.cofarma.com\/wp-content\/uploads\/2019\/07\/elemento-pinolina-2.png 456w, https:\/\/desarrollo.cofarma.com\/wp-content\/uploads\/2019\/07\/elemento-pinolina-2-300x293.png 300w\" sizes=\"auto, (max-width: 456px) 100vw, 456px\" \/>\t\t\t\t\t\t\t\t\t\t\t<\/div>\n\t\t\t\t<\/div>\n\t\t\t\t<\/div>\n\t\t\t\t\t\t<\/div>\n\t\t\t\t\t<\/div>\n\t\t<\/div>\n\t\t\t\t\t\t\t\t<\/div>\n\t\t\t\t\t<\/div>\n\t\t<\/section>\n\t\t\t\t\t\t<\/div>\n\t\t\t\t\t<\/div>\n\t\t<\/div>\n\t\t\t\t\t\t\t\t<\/div>\n\t\t\t\t\t<\/div>\n\t\t<\/section>\n\t\t\t\t<section class=\"elementor-section elementor-top-section elementor-element elementor-element-d5f6add elementor-section-stretched elementor-section-full_width elementor-section-height-default elementor-section-height-default\" data-id=\"d5f6add\" data-element_type=\"section\" data-settings=\"{&quot;stretch_section&quot;:&quot;section-stretched&quot;,&quot;background_background&quot;:&quot;classic&quot;}\">\n\t\t\t\t\t\t<div class=\"elementor-container elementor-column-gap-default\">\n\t\t\t\t\t\t\t<div class=\"elementor-row\">\n\t\t\t\t\t<div class=\"elementor-column elementor-col-100 elementor-top-column elementor-element elementor-element-4ec08847\" data-id=\"4ec08847\" data-element_type=\"column\">\n\t\t\t<div class=\"elementor-column-wrap elementor-element-populated\">\n\t\t\t\t\t\t\t<div class=\"elementor-widget-wrap\">\n\t\t\t\t\t\t<div class=\"elementor-element elementor-element-7f9f7c5e elementor-widget elementor-widget-heading\" data-id=\"7f9f7c5e\" data-element_type=\"widget\" data-widget_type=\"heading.default\">\n\t\t\t\t<div class=\"elementor-widget-container\">\n\t\t\t<h2 class=\"elementor-heading-title elementor-size-default\">PRODUCTOS Y PRESENTACIONES<\/h2>\t\t<\/div>\n\t\t\t\t<\/div>\n\t\t\t\t<section class=\"elementor-section elementor-inner-section elementor-element elementor-element-72da0f elementor-section-boxed elementor-section-height-default elementor-section-height-default\" data-id=\"72da0f\" data-element_type=\"section\">\n\t\t\t\t\t\t<div class=\"elementor-container elementor-column-gap-default\">\n\t\t\t\t\t\t\t<div class=\"elementor-row\">\n\t\t\t\t\t<div class=\"elementor-column elementor-col-100 elementor-inner-column elementor-element elementor-element-1ef28a51\" data-id=\"1ef28a51\" data-element_type=\"column\">\n\t\t\t<div class=\"elementor-column-wrap elementor-element-populated\">\n\t\t\t\t\t\t\t<div class=\"elementor-widget-wrap\">\n\t\t\t\t\t\t<div class=\"elementor-element elementor-element-7fc1bd19 elementor-grid-4 elementor-grid-mobile-2 elementor-posts--align-center elementor-posts__hover-none elementor-grid-tablet-2 elementor-posts--thumbnail-top elementor-card-shadow-yes elementor-widget elementor-widget-posts\" data-id=\"7fc1bd19\" data-element_type=\"widget\" data-settings=\"{&quot;cards_columns&quot;:&quot;4&quot;,&quot;cards_columns_mobile&quot;:&quot;2&quot;,&quot;cards_row_gap&quot;:{&quot;unit&quot;:&quot;px&quot;,&quot;size&quot;:39,&quot;sizes&quot;:[]},&quot;cards_columns_tablet&quot;:&quot;2&quot;}\" data-widget_type=\"posts.cards\">\n\t\t\t\t<div class=\"elementor-widget-container\">\n\t\t\t\t\t<div class=\"elementor-posts-container elementor-posts elementor-posts--skin-cards elementor-grid\">\n\t\t\t\t<article class=\"elementor-post elementor-grid-item post-463 productos type-productos status-publish has-post-thumbnail hentry marca-producto-cuidado-de-pisos-pinolina fragancia-producto-especiadas fragancia-producto-florales entry has-media\">\n\t\t\t<div class=\"elementor-post__card\">\n\t\t\t\t<a class=\"elementor-post__thumbnail__link\" href=\"https:\/\/desarrollo.cofarma.com\/?productos=pinolina\">\n\t\t\t<div class=\"elementor-post__thumbnail\"><img loading=\"lazy\" decoding=\"async\" width=\"300\" height=\"300\" src=\"https:\/\/desarrollo.cofarma.com\/wp-content\/uploads\/2018\/09\/pinolina-5litros-x2-300x300.jpg\" class=\"attachment-medium size-medium\" alt=\"\" srcset=\"https:\/\/desarrollo.cofarma.com\/wp-content\/uploads\/2018\/09\/pinolina-5litros-x2-300x300.jpg 300w, https:\/\/desarrollo.cofarma.com\/wp-content\/uploads\/2018\/09\/pinolina-5litros-x2-150x150.jpg 150w, https:\/\/desarrollo.cofarma.com\/wp-content\/uploads\/2018\/09\/pinolina-5litros-x2.jpg 500w\" sizes=\"auto, (max-width: 300px) 100vw, 300px\" \/><\/div>\n\t\t<\/a>\n\t\t\t\t<div class=\"elementor-post__text\">\n\t\t\t\t<h3 class=\"elementor-post__title\">\n\t\t\t<a href=\"https:\/\/desarrollo.cofarma.com\/?productos=pinolina\">\n\t\t\t\tPinolina\t\t\t<\/a>\n\t\t<\/h3>\n\t\t\t\t\t<a class=\"elementor-post__read-more\" href=\"https:\/\/desarrollo.cofarma.com\/?productos=pinolina\">\n\t\t\t\tM\u00e1s informaci\u00f3n\t\t\t<\/a>\n\t\t\t\t<\/div>\n\t\t\t\t\t<\/div>\n\t\t<\/article>\n\t\t\t\t<article class=\"elementor-post elementor-grid-item post-488 productos type-productos status-publish has-post-thumbnail hentry marca-producto-cuidado-de-pisos-pinolina fragancia-producto-florales entry has-media\">\n\t\t\t<div class=\"elementor-post__card\">\n\t\t\t\t<a class=\"elementor-post__thumbnail__link\" href=\"https:\/\/desarrollo.cofarma.com\/?productos=porcerlanato\">\n\t\t\t<div class=\"elementor-post__thumbnail\"><img loading=\"lazy\" decoding=\"async\" width=\"300\" height=\"300\" src=\"https:\/\/desarrollo.cofarma.com\/wp-content\/uploads\/2018\/09\/pinolina-porcelanato-960ml-300x300.jpg\" class=\"attachment-medium size-medium\" alt=\"\" srcset=\"https:\/\/desarrollo.cofarma.com\/wp-content\/uploads\/2018\/09\/pinolina-porcelanato-960ml-300x300.jpg 300w, https:\/\/desarrollo.cofarma.com\/wp-content\/uploads\/2018\/09\/pinolina-porcelanato-960ml-150x150.jpg 150w, https:\/\/desarrollo.cofarma.com\/wp-content\/uploads\/2018\/09\/pinolina-porcelanato-960ml.jpg 500w\" sizes=\"auto, (max-width: 300px) 100vw, 300px\" \/><\/div>\n\t\t<\/a>\n\t\t\t\t<div class=\"elementor-post__text\">\n\t\t\t\t<h3 class=\"elementor-post__title\">\n\t\t\t<a href=\"https:\/\/desarrollo.cofarma.com\/?productos=porcerlanato\">\n\t\t\t\tPorcerlanato\t\t\t<\/a>\n\t\t<\/h3>\n\t\t\t\t\t<a class=\"elementor-post__read-more\" href=\"https:\/\/desarrollo.cofarma.com\/?productos=porcerlanato\">\n\t\t\t\tM\u00e1s informaci\u00f3n\t\t\t<\/a>\n\t\t\t\t<\/div>\n\t\t\t\t\t<\/div>\n\t\t<\/article>\n\t\t\t\t<article class=\"elementor-post elementor-grid-item post-491 productos type-productos status-publish has-post-thumbnail hentry marca-producto-cuidado-de-pisos-pinolina fragancia-producto-verdes entry has-media\">\n\t\t\t<div class=\"elementor-post__card\">\n\t\t\t\t<a class=\"elementor-post__thumbnail__link\" href=\"https:\/\/desarrollo.cofarma.com\/?productos=puro-pino\">\n\t\t\t<div class=\"elementor-post__thumbnail\"><img loading=\"lazy\" decoding=\"async\" width=\"300\" height=\"300\" src=\"https:\/\/desarrollo.cofarma.com\/wp-content\/uploads\/2018\/09\/pinolina-puropino-300x300.jpg\" class=\"attachment-medium size-medium\" alt=\"\" srcset=\"https:\/\/desarrollo.cofarma.com\/wp-content\/uploads\/2018\/09\/pinolina-puropino-300x300.jpg 300w, https:\/\/desarrollo.cofarma.com\/wp-content\/uploads\/2018\/09\/pinolina-puropino-150x150.jpg 150w, https:\/\/desarrollo.cofarma.com\/wp-content\/uploads\/2018\/09\/pinolina-puropino.jpg 500w\" sizes=\"auto, (max-width: 300px) 100vw, 300px\" \/><\/div>\n\t\t<\/a>\n\t\t\t\t<div class=\"elementor-post__text\">\n\t\t\t\t<h3 class=\"elementor-post__title\">\n\t\t\t<a href=\"https:\/\/desarrollo.cofarma.com\/?productos=puro-pino\">\n\t\t\t\tPuro Pino\t\t\t<\/a>\n\t\t<\/h3>\n\t\t\t\t\t<a class=\"elementor-post__read-more\" href=\"https:\/\/desarrollo.cofarma.com\/?productos=puro-pino\">\n\t\t\t\tM\u00e1s informaci\u00f3n\t\t\t<\/a>\n\t\t\t\t<\/div>\n\t\t\t\t\t<\/div>\n\t\t<\/article>\n\t\t\t\t<\/div>\n\t\t\t\t<\/div>\n\t\t\t\t<\/div>\n\t\t\t\t\t\t<\/div>\n\t\t\t\t\t<\/div>\n\t\t<\/div>\n\t\t\t\t\t\t\t\t<\/div>\n\t\t\t\t\t<\/div>\n\t\t<\/section>\n\t\t\t\t\t\t<\/div>\n\t\t\t\t\t<\/div>\n\t\t<\/div>\n\t\t\t\t\t\t\t\t<\/div>\n\t\t\t\t\t<\/div>\n\t\t<\/section>\n\t\t\t\t\t\t<\/div>\n\t\t\t\t\t\t<\/div>\n\t\t\t\t\t<\/div>\n\t\t","protected":false},"excerpt":{"rendered":"<p>CUIDADO GENERAL DEL HOGAR D\u00e9jate envolver por una incre\u00edble fusi\u00f3n arom\u00e1tica, con las pulcras fragancias de la l\u00ednea Pinolina. Cada una de las referencias que<\/p>\n","protected":false},"author":3,"featured_media":771,"parent":0,"menu_order":0,"comment_status":"closed","ping_status":"closed","template":"","meta":{"_monsterinsights_skip_tracking":false,"_monsterinsights_sitenote_active":false,"_monsterinsights_sitenote_note":"","_monsterinsights_sitenote_category":0,"footnotes":""},"class_list":["post-156","page","type-page","status-publish","has-post-thumbnail","hentry","entry","has-media"],"yoast_head":"<!-- This site is optimized with the Yoast SEO plugin v15.0 - https:\/\/yoast.com\/wordpress\/plugins\/seo\/ -->\n<title>Cuidado de pisos Pinolina | Cofarma S.A.<\/title>\n<meta name=\"robots\" content=\"index, follow, max-snippet:-1, max-image-preview:large, max-video-preview:-1\" \/>\n<link rel=\"canonical\" href=\"https:\/\/desarrollo.cofarma.com\/cuidado-de-pisos-pinolina\/\" \/>\n<meta property=\"og:locale\" content=\"es_ES\" \/>\n<meta property=\"og:type\" content=\"article\" \/>\n<meta property=\"og:title\" content=\"Cuidado de pisos Pinolina | Cofarma S.A.\" \/>\n<meta property=\"og:description\" content=\"CUIDADO GENERAL DEL HOGAR D\u00e9jate envolver por una incre\u00edble fusi\u00f3n arom\u00e1tica, con las pulcras fragancias de la l\u00ednea Pinolina. Cada una de las referencias que\" \/>\n<meta property=\"og:url\" content=\"https:\/\/desarrollo.cofarma.com\/cuidado-de-pisos-pinolina\/\" \/>\n<meta property=\"og:site_name\" content=\"Cofarma S.A.\" \/>\n<meta property=\"article:publisher\" content=\"https:\/\/www.facebook.com\/Laboratorioscofarma\/\" \/>\n<meta property=\"article:modified_time\" content=\"2020-08-21T18:49:52+00:00\" \/>\n<meta property=\"og:image\" content=\"https:\/\/desarrollo.cofarma.com\/wp-content\/uploads\/2019\/06\/pinolina-1.png\" \/>\n\t<meta property=\"og:image:width\" content=\"1200\" \/>\n\t<meta property=\"og:image:height\" content=\"448\" \/>\n<meta name=\"twitter:card\" content=\"summary_large_image\" \/>\n<meta name=\"twitter:creator\" content=\"@LabCofarma\" \/>\n<meta name=\"twitter:site\" content=\"@LabCofarma\" \/>\n<script type=\"application\/ld+json\" class=\"yoast-schema-graph\">{\"@context\":\"https:\/\/schema.org\",\"@graph\":[{\"@type\":\"Organization\",\"@id\":\"https:\/\/desarrollo.cofarma.com\/#organization\",\"name\":\"Laboratorios Cofarma\",\"url\":\"https:\/\/desarrollo.cofarma.com\/\",\"sameAs\":[\"https:\/\/www.facebook.com\/Laboratorioscofarma\/\",\"https:\/\/www.instagram.com\/laboratorioscofarma\/\",\"https:\/\/twitter.com\/LabCofarma\"],\"logo\":{\"@type\":\"ImageObject\",\"@id\":\"https:\/\/desarrollo.cofarma.com\/#logo\",\"inLanguage\":\"es\",\"url\":\"https:\/\/desarrollo.cofarma.com\/wp-content\/uploads\/2018\/09\/cofarma.png\",\"width\":100,\"height\":100,\"caption\":\"Laboratorios Cofarma\"},\"image\":{\"@id\":\"https:\/\/desarrollo.cofarma.com\/#logo\"}},{\"@type\":\"WebSite\",\"@id\":\"https:\/\/desarrollo.cofarma.com\/#website\",\"url\":\"https:\/\/desarrollo.cofarma.com\/\",\"name\":\"Cofarma S.A.\",\"description\":\"Ambientadores y Fragancias\",\"publisher\":{\"@id\":\"https:\/\/desarrollo.cofarma.com\/#organization\"},\"potentialAction\":[{\"@type\":\"SearchAction\",\"target\":\"https:\/\/desarrollo.cofarma.com\/?s={search_term_string}\",\"query-input\":\"required name=search_term_string\"}],\"inLanguage\":\"es\"},{\"@type\":\"ImageObject\",\"@id\":\"https:\/\/desarrollo.cofarma.com\/cuidado-de-pisos-pinolina\/#primaryimage\",\"inLanguage\":\"es\",\"url\":\"https:\/\/desarrollo.cofarma.com\/wp-content\/uploads\/2019\/06\/pinolina-1.png\",\"width\":1200,\"height\":448},{\"@type\":\"WebPage\",\"@id\":\"https:\/\/desarrollo.cofarma.com\/cuidado-de-pisos-pinolina\/#webpage\",\"url\":\"https:\/\/desarrollo.cofarma.com\/cuidado-de-pisos-pinolina\/\",\"name\":\"Cuidado de pisos Pinolina | Cofarma S.A.\",\"isPartOf\":{\"@id\":\"https:\/\/desarrollo.cofarma.com\/#website\"},\"primaryImageOfPage\":{\"@id\":\"https:\/\/desarrollo.cofarma.com\/cuidado-de-pisos-pinolina\/#primaryimage\"},\"datePublished\":\"2018-09-06T20:44:08+00:00\",\"dateModified\":\"2020-08-21T18:49:52+00:00\",\"inLanguage\":\"es\",\"potentialAction\":[{\"@type\":\"ReadAction\",\"target\":[\"https:\/\/desarrollo.cofarma.com\/cuidado-de-pisos-pinolina\/\"]}]}]}<\/script>\n<!-- \/ Yoast SEO plugin. -->","_links":{"self":[{"href":"https:\/\/desarrollo.cofarma.com\/index.php?rest_route=\/wp\/v2\/pages\/156","targetHints":{"allow":["GET"]}}],"collection":[{"href":"https:\/\/desarrollo.cofarma.com\/index.php?rest_route=\/wp\/v2\/pages"}],"about":[{"href":"https:\/\/desarrollo.cofarma.com\/index.php?rest_route=\/wp\/v2\/types\/page"}],"author":[{"embeddable":true,"href":"https:\/\/desarrollo.cofarma.com\/index.php?rest_route=\/wp\/v2\/users\/3"}],"replies":[{"embeddable":true,"href":"https:\/\/desarrollo.cofarma.com\/index.php?rest_route=%2Fwp%2Fv2%2Fcomments&post=156"}],"version-history":[{"count":11,"href":"https:\/\/desarrollo.cofarma.com\/index.php?rest_route=\/wp\/v2\/pages\/156\/revisions"}],"predecessor-version":[{"id":1010,"href":"https:\/\/desarrollo.cofarma.com\/index.php?rest_route=\/wp\/v2\/pages\/156\/revisions\/1010"}],"wp:featuredmedia":[{"embeddable":true,"href":"https:\/\/desarrollo.cofarma.com\/index.php?rest_route=\/wp\/v2\/media\/771"}],"wp:attachment":[{"href":"https:\/\/desarrollo.cofarma.com\/index.php?rest_route=%2Fwp%2Fv2%2Fmedia&parent=156"}],"curies":[{"name":"wp","href":"https:\/\/api.w.org\/{rel}","templated":true}]}}